{"id":4778,"date":"2022-05-10T02:50:12","date_gmt":"2022-05-10T02:50:12","guid":{"rendered":"https:\/\/jewishconversion.ca\/?page_id=4778"},"modified":"2022-05-16T20:10:54","modified_gmt":"2022-05-16T20:10:54","slug":"pourquoi-conversion-juive-montreal","status":"publish","type":"page","link":"https:\/\/jewishconversion.ca\/fr\/pourquoi-conversion-juive-montreal\/","title":{"rendered":"Pourquoi Conversion Juive Montr\u00e9al"},"content":{"rendered":"\t\t<div data-elementor-type=\"wp-post\" data-elementor-id=\"4778\" class=\"elementor elementor-4778 elementor-3050\">\n\t\t\t\t\t\t<section class=\"elementor-section elementor-top-section elementor-element elementor-element-7b52121 elementor-section-boxed elementor-section-height-default elementor-section-height-default\" data-id=\"7b52121\" data-element_type=\"section\" data-e-type=\"section\">\n\t\t\t\t\t\t<div class=\"elementor-container elementor-column-gap-extended\">\n\t\t\t\t\t<div class=\"elementor-column elementor-col-100 elementor-top-column elementor-element elementor-element-a84c0ab sc_layouts_column_icons_position_left\" data-id=\"a84c0ab\" data-element_type=\"column\" data-e-type=\"column\">\n\t\t\t<div class=\"elementor-widget-wrap elementor-element-populated\">\n\t\t\t\t\t\t<div class=\"elementor-element elementor-element-b3f22a7 elementor-widget elementor-widget-heading\" data-id=\"b3f22a7\" data-element_type=\"widget\" data-e-type=\"widget\" data-widget_type=\"heading.default\">\n\t\t\t\t<div class=\"elementor-widget-container\">\n\t\t\t\t\t<h2 class=\"elementor-heading-title elementor-size-default\">Le programme authentique de conversion juive de Montr\u00e9al<\/h2>\t\t\t\t<\/div>\n\t\t\t\t<\/div>\n\t\t\t\t\t<\/div>\n\t\t<\/div>\n\t\t\t\t\t<\/div>\n\t\t<\/section>\n\t\t\t\t<section class=\"elementor-section elementor-top-section elementor-element elementor-element-2d99b8b elementor-section-boxed elementor-section-height-default elementor-section-height-default\" data-id=\"2d99b8b\" data-element_type=\"section\" data-e-type=\"section\">\n\t\t\t\t\t\t<div class=\"elementor-container elementor-column-gap-extended\">\n\t\t\t\t\t<div class=\"elementor-column elementor-col-100 elementor-top-column elementor-element elementor-element-1eb12dc sc_layouts_column_icons_position_left\" data-id=\"1eb12dc\" data-element_type=\"column\" data-e-type=\"column\">\n\t\t\t<div class=\"elementor-widget-wrap elementor-element-populated\">\n\t\t\t\t\t\t<div class=\"elementor-element elementor-element-92e6067 elementor-widget elementor-widget-text-editor\" data-id=\"92e6067\" data-element_type=\"widget\" data-e-type=\"widget\" data-widget_type=\"text-editor.default\">\n\t\t\t\t<div class=\"elementor-widget-container\">\n\t\t\t\t\t\t\t\t\t<p><span lang=\"FR-CA\">Le programme de Conversion Juive de Montr\u00e9al est issu d\u2019un besoin urgent. Avant sa cr\u00e9ation, l\u2019absence de standards centralis\u00e9s de conversion \u00e0 Montr\u00e9al engendrait une situation chaotique. Chaque rabbin adoptait ses propres normes en mati\u00e8re de conversion, et de ce fait, un grand nombre de conversions n\u2019\u00e9taient pas reconnues par le Rabbinat isra\u00e9lien et d\u2019autres Batei Din dans le monde. Jusqu\u2019\u00e0 aujourd\u2019hui, les descendants de ces convertis font face \u00e0 des situations d\u00e9chirantes o\u00f9 leur statut de juif est remis en question des d\u00e9cennies apr\u00e8s la conversion de leur anc\u00eatre. <\/span><span lang=\"FR-CA\">Pour pallier cette situation \u00e9prouvante, le Conseil communautaire juif de Montr\u00e9al a fond\u00e9 le Programme de conversion juive de Montr\u00e9al en 1990. Le Beth Din du programme est compos\u00e9 de rabbins repr\u00e9sentant les diverses communaut\u00e9s de Torah de Montr\u00e9al.\u00a0 <\/span><\/p><p><span lang=\"FR-CA\">Au fil des ans, des centaines de convertis ont termin\u00e9 avec succ\u00e8s le programme et rejoint le peuple juif. \u00c0 ce jour, plus de 50 candidats \u00e0 la conversion sont inscrits au programme. Les participants suivent des cours hebdomadaires dans le cadre desquels des instructeurs francophones et anglophones enseignent les d\u00e9tails les plus fins de la loi juive (halacha) et de la pens\u00e9e juive (hashkafa). <\/span><\/p><p><span lang=\"FR-CA\">Le programme comporte \u00e9galement un volet exp\u00e9rientiel, \u00e0 travers lequel chaque candidat se dote d\u2019une famille de parrainage, qui l\u2019accueille r\u00e9guli\u00e8rement pour les repas de Shabbat et les f\u00eates. Cette exposition \u00e0 la vie familiale la Torah permet au candidat de d\u00e9couvrir la beaut\u00e9 d\u2019un mode de vie juif. Il s\u2019agit d\u2019un \u00e9l\u00e9ment essentiel pour permettre aux candidats de prendre une d\u00e9cision \u00e9clair\u00e9e quant \u00e0 l\u2019acceptation d\u2019un v\u00e9ritable mode de vie juif et \u00e0 rejoindre le peuple juif. La f\u00eate annuelle de Hanoucca du programme donne aux participants du programme de conversion l\u2019occasion de rencontrer et tisser des liens avec d\u2019autres individus qui sont pass\u00e9s par le programme.<\/span><\/p><p><span lang=\"FR-CA\">Tout juif a besoin d\u2019un rabbin pour le guider et le soutenir tout au long de sa vie, tant sur le plan halakhique (loi juive) que sur le plan personnel. Dans le cadre de ce programme, chaque candidat doit \u00e9tablir un rapport avec un rabbin qui sera son parrain tout au long du processus de conversion et m\u00eame apr\u00e8s. Le rabbin parrain aide \u00e9galement les candidats \u00e0 trouver des synagogues et des communaut\u00e9s dans lesquelles ils se sentiront \u00e0 l\u2019aise et s\u2019\u00e9panouiront. Le programme de conversion aide chaque candidat \u00e0 trouver un rabbin de confiance.<\/span><\/p><p><span lang=\"FR-CA\">Le Beth Din du programme se r\u00e9unit chaque semaine pour rencontrer les candidats et discuter des progr\u00e8s de chaque converti potentiel et de tout d\u00e9fi qui pourrait survenir en cours de route. Notre Beth Din collabore avec les autres Batei Din (tribunaux rabbiniques) officiels de la communaut\u00e9 internationale de Torah, y compris le Rabbinat isra\u00e9lien. Les convertis du Programme de conversion juive de Montr\u00e9al sont reconnus par toutes les communaut\u00e9s juives du monde comme des convertis v\u00e9ritables et authentiques.<\/span><\/p><p><strong><span lang=\"FR-CA\">Si vous envisagez de vous convertir au juda\u00efsme, soyez conscients que m\u00eame si d\u2019autres programmes peuvent offrir un processus de conversion moins long et moins rigoureux que le Programme de conversion juive de Montr\u00e9al, la rigueur d\u2019un programme ne fait que souligner son authenticit\u00e9. Changer de religion n\u2019est pas une chose simple et pr\u00e9sente d\u2019\u00e9normes implications pour vous et vos g\u00e9n\u00e9rations futures. Il convient donc de le g\u00e9rer en cons\u00e9quence.<\/span><\/strong><\/p><p>\u00a0<\/p><p><strong><span lang=\"FR-CA\">Une \u00ab\u2009conversion \u00e9clair\u2009\u00bb peut vous faire gagner du temps maintenant, mais elle ne manquera pas de vous causer du chagrin, de l\u2019angoisse et de la douleur, \u00e0 vous, \u00e0 votre conjoint, \u00e0 vos enfants et aux g\u00e9n\u00e9rations futures, lorsque des questions concernant l\u2019authenticit\u00e9 de votre conversion seront soulev\u00e9es. L\u2019excellente r\u00e9putation du programme de Conversion Juive Montr\u00e9al vous procurera la tranquillit\u00e9 d\u2019esprit que le processus de conversion vous permettra de vous joindre au peuple juif en tant que v\u00e9ritable converti fier et bien-aim\u00e9.<\/span><\/strong><\/p><p><strong><span lang=\"FR-CA\">\u00a0<\/span><\/strong><\/p><p><strong><span lang=\"FR-CA\">Nous vous souhaitons un parcours inspirant et r\u00e9ussi!<\/span><\/strong><\/p>\t\t\t\t\t\t\t\t<\/div>\n\t\t\t\t<\/div>\n\t\t\t\t\t<\/div>\n\t\t<\/div>\n\t\t\t\t\t<\/div>\n\t\t<\/section>\n\t\t\t\t<section class=\"elementor-section elementor-top-section elementor-element elementor-element-9533db9 elementor-section-boxed elementor-section-height-default elementor-section-height-default\" data-id=\"9533db9\" data-element_type=\"section\" data-e-type=\"section\">\n\t\t\t\t\t\t<div class=\"elementor-container elementor-column-gap-extended\">\n\t\t\t\t\t<div class=\"elementor-column elementor-col-100 elementor-top-column elementor-element elementor-element-cd57fb7 sc_layouts_column_icons_position_left\" data-id=\"cd57fb7\" data-element_type=\"column\" data-e-type=\"column\">\n\t\t\t<div class=\"elementor-widget-wrap elementor-element-populated\">\n\t\t\t\t\t\t<div class=\"elementor-element elementor-element-3a2bda9 elementor-widget elementor-widget-spacer\" data-id=\"3a2bda9\" data-element_type=\"widget\" data-e-type=\"widget\" data-widget_type=\"spacer.default\">\n\t\t\t\t<div class=\"elementor-widget-container\">\n\t\t\t\t\t\t\t<div class=\"elementor-spacer\">\n\t\t\t<div class=\"elementor-spacer-inner\"><\/div>\n\t\t<\/div>\n\t\t\t\t\t\t<\/div>\n\t\t\t\t<\/div>\n\t\t\t\t\t<\/div>\n\t\t<\/div>\n\t\t\t\t\t<\/div>\n\t\t<\/section>\n\t\t\t\t<section class=\"elementor-section elementor-top-section elementor-element elementor-element-13c3e53 elementor-section-stretched sc_layouts_row sc_layouts_row_type_normal scheme_dark elementor-section-boxed elementor-section-height-default elementor-section-height-default\" data-id=\"13c3e53\" data-element_type=\"section\" data-e-type=\"section\" data-settings=\"{&quot;stretch_section&quot;:&quot;section-stretched&quot;,&quot;background_background&quot;:&quot;classic&quot;}\">\n\t\t\t\t\t\t<div class=\"elementor-container elementor-column-gap-extended\">\n\t\t\t\t\t<div class=\"elementor-column elementor-col-100 elementor-top-column elementor-element elementor-element-cde9f16 sc_layouts_column sc_layouts_column_align_center sc_layouts_column_icons_position_left\" data-id=\"cde9f16\" data-element_type=\"column\" data-e-type=\"column\">\n\t\t\t<div class=\"elementor-widget-wrap elementor-element-populated\">\n\t\t\t\t\t\t<div class=\"elementor-element elementor-element-15282b0 elementor-widget elementor-widget-spacer\" data-id=\"15282b0\" data-element_type=\"widget\" data-e-type=\"widget\" data-widget_type=\"spacer.default\">\n\t\t\t\t<div class=\"elementor-widget-container\">\n\t\t\t\t\t\t\t<div class=\"elementor-spacer\">\n\t\t\t<div class=\"elementor-spacer-inner\"><\/div>\n\t\t<\/div>\n\t\t\t\t\t\t<\/div>\n\t\t\t\t<\/div>\n\t\t\t\t<div class=\"elementor-element elementor-element-1b159a7 elementor-widget elementor-widget-trx_sc_title\" data-id=\"1b159a7\" data-element_type=\"widget\" data-e-type=\"widget\" data-widget_type=\"trx_sc_title.default\">\n\t\t\t\t<div class=\"elementor-widget-container\">\n\t\t\t\t\t<div id=\"trx_sc_title_2036581661\"\n\t\tclass=\"sc_title sc_title_accent\"><h6 class=\"sc_item_subtitle sc_title_subtitle sc_align_none sc_item_title_style_accent\"><p class=\"title-blue-area\">Testimonials<\/p><\/h6><\/div><!-- \/.sc_title -->\t\t\t\t<\/div>\n\t\t\t\t<\/div>\n\t\t\t\t<div class=\"elementor-element elementor-element-e81a22c elementor-widget elementor-widget-trx_sc_testimonials\" data-id=\"e81a22c\" data-element_type=\"widget\" data-e-type=\"widget\" data-widget_type=\"trx_sc_testimonials.default\">\n\t\t\t\t<div class=\"elementor-widget-container\">\n\t\t\t\t\t<div  id=\"trx_sc_testimonials_2025555014\"\t\tclass=\"sc_testimonials sc_testimonials_default\"><div id=\"trx_sc_testimonials_2025555014_outer\" class=\"sc_testimonials_slider sc_item_slider slider_swiper_outer slider_outer slider_outer_nocontrols slider_outer_pagination slider_outer_pagination_bullets slider_outer_pagination_pos_bottom slider_outer_one\">\n\t<div id=\"trx_sc_testimonials_2025555014_swiper\" class=\"slider_container swiper-slider-container slider_swiper slider_noresize slider_nocontrols slider_pagination slider_pagination_bullets slider_pagination_pos_bottom slider_one\" data-slides-min-width=\"290\" data-pagination=\"bullets\">\n\t\t<div class=\"slides slider-wrapper swiper-wrapper sc_item_columns_1\"><div class=\"slider-slide swiper-slide\"><div class=\"sc_testimonials_item\">\n\t<div class=\"sc_testimonials_item_content\"><p>Montreal Jewish Conversion and its wonderful staff -especially the teachers &#8211; provided a vast support system and a strong foundation of knowledge for beginning my life as the Jew I had long seen myself identify with.<\/p>\n<p><a class=\"testimonial-read-more\" href=\"https:\/\/jewishconversion.ca\/testimonials\/rachel\/\">Read More<\/a><\/p>\n<\/div>\n\t<div class=\"sc_testimonials_item_author\">\n\t\t\t\t<div class=\"sc_testimonials_item_author_data\">\n\t\t\t<h4 class=\"sc_testimonials_item_author_title\">Rachel<\/h4>\n\t\t\t<div class=\"sc_testimonials_item_author_subtitle\"><\/div>\n\t\t<\/div>\n\t<\/div>\n<\/div>\n<\/div><div class=\"slider-slide swiper-slide\"><div class=\"sc_testimonials_item\">\n\t<div class=\"sc_testimonials_item_content\"><p>I have known Montreal Jewish Conversion Program for 10 years now, their passion is to help  many people to be good Jews. They help us to grow not only knowledge but also to have a proper real Jewish life  experience among the Jewish neighborhood.<\/p>\n<p><a class=\"testimonial-read-more\" href=\"https:\/\/jewishconversion.ca\/testimonials\/student-from-2011\/\">Read More<\/a><\/p>\n<\/div>\n\t<div class=\"sc_testimonials_item_author\">\n\t\t\t\t<div class=\"sc_testimonials_item_author_data\">\n\t\t\t<h4 class=\"sc_testimonials_item_author_title\">Student from 2011<\/h4>\n\t\t\t<div class=\"sc_testimonials_item_author_subtitle\"><\/div>\n\t\t<\/div>\n\t<\/div>\n<\/div>\n<\/div><div class=\"slider-slide swiper-slide\"><div class=\"sc_testimonials_item\">\n\t<div class=\"sc_testimonials_item_content\"><p>It has been roughly 18 years since I completed the Geirut program with Montreal Jewish Conversion. I had made the decision to convert while visiting Israel after university and returned to Montreal shortly thereafter. This was a difficult period in my life because I was the only person who was convinced of my decision.<\/p>\n<p><a class=\"testimonial-read-more\" href=\"https:\/\/jewishconversion.ca\/testimonials\/david\/\">Read More<\/a><\/p>\n<\/div>\n\t<div class=\"sc_testimonials_item_author\">\n\t\t\t\t<div class=\"sc_testimonials_item_author_data\">\n\t\t\t<h4 class=\"sc_testimonials_item_author_title\">David<\/h4>\n\t\t\t<div class=\"sc_testimonials_item_author_subtitle\"><\/div>\n\t\t<\/div>\n\t<\/div>\n<\/div>\n<\/div><\/div><\/div><div class=\"slider_pagination_wrap swiper-pagination\"><\/div><\/div><\/div><!-- \/.sc_testimonials -->\t\t\t\t<\/div>\n\t\t\t\t<\/div>\n\t\t\t\t\t<\/div>\n\t\t<\/div>\n\t\t\t\t\t<\/div>\n\t\t<\/section>\n\t\t\t\t<\/div>\n\t\t","protected":false},"excerpt":{"rendered":"<p>Le programme authentique de conversion juive de Montr\u00e9al Le programme de Conversion Juive de Montr\u00e9al est issu d\u2019un besoin urgent. Avant sa cr\u00e9ation, l\u2019absence de standards centralis\u00e9s de conversion \u00e0 Montr\u00e9al engendrait une situation chaotique. Chaque rabbin&hellip;<\/p>\n","protected":false},"author":1,"featured_media":0,"parent":0,"menu_order":0,"comment_status":"closed","ping_status":"closed","template":"","meta":{"footnotes":""},"class_list":["post-4778","page","type-page","status-publish","hentry"],"_links":{"self":[{"href":"https:\/\/jewishconversion.ca\/fr\/wp-json\/wp\/v2\/pages\/4778","targetHints":{"allow":["GET"]}}],"collection":[{"href":"https:\/\/jewishconversion.ca\/fr\/wp-json\/wp\/v2\/pages"}],"about":[{"href":"https:\/\/jewishconversion.ca\/fr\/wp-json\/wp\/v2\/types\/page"}],"author":[{"embeddable":true,"href":"https:\/\/jewishconversion.ca\/fr\/wp-json\/wp\/v2\/users\/1"}],"replies":[{"embeddable":true,"href":"https:\/\/jewishconversion.ca\/fr\/wp-json\/wp\/v2\/comments?post=4778"}],"version-history":[{"count":9,"href":"https:\/\/jewishconversion.ca\/fr\/wp-json\/wp\/v2\/pages\/4778\/revisions"}],"predecessor-version":[{"id":4805,"href":"https:\/\/jewishconversion.ca\/fr\/wp-json\/wp\/v2\/pages\/4778\/revisions\/4805"}],"wp:attachment":[{"href":"https:\/\/jewishconversion.ca\/fr\/wp-json\/wp\/v2\/media?parent=4778"}],"curies":[{"name":"wp","href":"https:\/\/api.w.org\/{rel}","templated":true}]}}